

{"id":440,"date":"2024-01-24T20:13:16","date_gmt":"2024-01-24T20:13:16","guid":{"rendered":"http:\/\/localhost\/medyc\/?page_id=14"},"modified":"2026-02-02T16:28:22","modified_gmt":"2026-02-02T16:28:22","slug":"home","status":"publish","type":"page","link":"https:\/\/wordpress.maehler-med.de\/","title":{"rendered":"Home"},"content":{"rendered":"\t\t<div data-elementor-type=\"wp-page\" data-elementor-id=\"440\" class=\"elementor elementor-440\" data-elementor-post-type=\"page\">\n\t\t\t\t<div class=\"elementor-element elementor-element-be44721 e-con-full e-flex e-con e-parent\" data-id=\"be44721\" data-element_type=\"container\" data-e-type=\"container\">\n\t\t\t\t<div class=\"elementor-element elementor-element-7ca6860 elementor-widget elementor-widget-Medyc-Global-Widgets-Home-Block\" data-id=\"7ca6860\" data-element_type=\"widget\" data-e-type=\"widget\" data-widget_type=\"Medyc-Global-Widgets-Home-Block.default\">\n\t\t\t\t<div class=\"elementor-widget-container\">\n\t\t\t\t\t        \t\r\n        <div class=\"banner\">\r\n\t        <div class=\"flex-container w-container\">\r\n\t            <div class=\"hero-columns w-row\">\r\n\t                <div class=\"left-banner w-col w-col-6\">\r\n\t                    <div class=\"banner-main-text\">\r\n\t                    \t<p>WILLKOMMEN BEI <strong>MMT M\u00c4HLER MEDIZINTECHNIK<\/strong><\/p>\t                    <\/div>\r\n\t                    <div class=\"stripe-and-text-banner w-clearfix\">\r\n\t                        <img decoding=\"async\" src=\"https:\/\/wordpress.maehler-med.de\/wp-content\/themes\/medyc\/assets\/images\/caption-stripes_1caption-stripes.png\" loading=\"lazy\" alt=\"Stripes\" class=\"stripes\" \/>\r\n\t                        <div class=\"banner-subtext\">kompetent und zuverl\u00e4ssig<\/div>\r\n\t                    <\/div>\r\n\t                    <a href=\"https:\/\/wordpress.maehler-med.de\/index.php\/kontakt\/\" class=\"main-button w-button\">Kontakt<\/a>\r\n\t                    <img decoding=\"async\" src=\"https:\/\/wordpress.maehler-med.de\/wp-content\/uploads\/2026\/02\/mmt-1_5_alt-2.png\" loading=\"lazy\" alt=\"hand\" class=\"banner-hand-icon\" \/>\r\n\t                <\/div>\r\n\t                <div class=\"right-banner w-clearfix w-col w-col-6\">\r\n\t                    <img decoding=\"async\"\r\n\t                        src=\"https:\/\/wordpress.maehler-med.de\/wp-content\/uploads\/2026\/01\/mm_block_home.png\"\r\n\t                        loading=\"lazy\"\r\n\t                        alt=\"Hero banner\"\r\n\t                        class=\"banner-image\"\r\n\t                    \/>\r\n\t                <\/div>\r\n\t            <\/div>\r\n\t        <\/div>\r\n\t    <\/div>\r\n\t\t\t\r\n    \r\n    \t\t\t\t<\/div>\n\t\t\t\t<\/div>\n\t\t\t\t<\/div>\n\t\t<div class=\"elementor-element elementor-element-8c22bff e-con-full e-flex e-con e-parent\" data-id=\"8c22bff\" data-element_type=\"container\" data-e-type=\"container\">\n\t\t\t\t<div class=\"elementor-element elementor-element-2702960 elementor-widget elementor-widget-Medyc-Global-Widgets-Home-Feature-Detail\" data-id=\"2702960\" data-element_type=\"widget\" data-e-type=\"widget\" data-widget_type=\"Medyc-Global-Widgets-Home-Feature-Detail.default\">\n\t\t\t\t<div class=\"elementor-widget-container\">\n\t\t\t\t\t\r\n\t    <section class=\"eye-surgery\">\r\n\t        <div class=\"flex-container w-container\">\r\n\t            <div class=\"w-row\">\r\n\t                <div class=\"column w-col w-col-5\">\r\n\t                    <img decoding=\"async\"\r\n\t                        class=\"eye-surgery-image\"\r\n\t                        src=\"https:\/\/wordpress.maehler-med.de\/wp-content\/uploads\/2026\/01\/lasik-p-rebecca.png\"\r\n\t                        alt=\"surgeon\" loading=\"lazy\"\r\n\t                    \/>\r\n\t                <\/div>\r\n\t                <div class=\"column-2 w-col w-col-7\">\r\n\t                    <div class=\"lasikeye_inner\">\r\n\t                        <div class=\"lasik_title w-clearfix\">\r\n\t                            <img decoding=\"async\" src=\"https:\/\/wordpress.maehler-med.de\/wp-content\/uploads\/2026\/01\/mmt_4mmt_03.png\" loading=\"lazy\" width=\"91\" alt=\"Image\" class=\"lasik-eye-image\" \/>\r\n\t                            <div class=\"lasikimg_text\">\r\n\t                                <div class=\"lasik-eye-span\">Kompetent und Zuverl\u00e4ssig<\/div>\r\n\t                                <div class=\"lasik-eye-title\">M\u00e4hler Medizintechnik<\/div>\r\n\t                            <\/div>\r\n\t                        <\/div>\r\n\t                        <div class=\"lasik_text\">\r\n\t                            <div class=\"lasik-eye-paragraph\">Wir f\u00fchren umfassende Beratungsgespr\u00e4che und nehmen uns Zeit f\u00fcr Sie und Ihre ganz individuellen W\u00fcnsche. Dabei zeigen wir Ihnen neue M\u00f6glichkeiten auf und freuen uns, wenn Sie etwas Passendes bei uns finden.<\/div>\r\n\t                            \t                            <a href=\"https:\/\/wordpress.maehler-med.de\/index.php\/uber-uns\/\" class=\"lasik-button w-inline-block w-clearfix\">\r\n\t                                <div class=\"lasik-button-text\">Mehr erfahren<\/div>\r\n\t                                <div class=\"lasik-button-arrow\">\uf0a9<\/div>\r\n\t                            <\/a>\r\n\t                        \t\t                        <\/div>\r\n\t                    <\/div>\r\n\t                <\/div>\r\n\t            <\/div>\r\n\t        <\/div>\r\n\t    <\/section>\r\n\t\t\t\r\n    \r\n    \t\t\t\t<\/div>\n\t\t\t\t<\/div>\n\t\t\t\t<\/div>\n\t\t<div class=\"elementor-element elementor-element-683ab51 e-con-full e-flex e-con e-parent\" data-id=\"683ab51\" data-element_type=\"container\" data-e-type=\"container\">\n\t\t\t\t<div class=\"elementor-element elementor-element-459088c elementor-widget elementor-widget-Medyc-Global-Widgets-Team-Block\" data-id=\"459088c\" data-element_type=\"widget\" data-e-type=\"widget\" data-widget_type=\"Medyc-Global-Widgets-Team-Block.default\">\n\t\t\t\t<div class=\"elementor-widget-container\">\n\t\t\t\t\t\r\n\t    <section class=\"our-team\">\r\n\t        <div class=\"flex-container w-container\">\r\n\t            <div class=\"main-title\">\r\n\t                <h2 class=\"main-title-heading\">Team<\/h2>\r\n\t            <\/div>\r\n\t            <div class=\"team-members-columns w-row\">\r\n\t            \t\t                <div class=\"doctors-three-column w-col w-col-3\">\r\n\t                    <div class=\"team-column-inner\">\r\n\t                        <div class=\"team_title\">\r\n\t                            <div class=\"team_profession w-clearfix\">\r\n\t                                <div class=\"team-circle\">\uf111<\/div>\r\n\t                                <div class=\"team-title\">Inhaberin<\/div>\r\n\t                            <\/div>\r\n\t                            <div class=\"team-name\">\r\n\t                                Birgit Schmidt\t                            <\/div>\r\n\t                        <\/div>\r\n\t                        <img decoding=\"async\" src=\"https:\/\/wordpress.maehler-med.de\/wp-content\/uploads\/2025\/12\/teaserbox_7731663.jpg\" loading=\"lazy\" alt=\"Team Member\" class=\"team-image\" \/>\r\n\t                        <div class=\"team_socials\">\r\n\t                        \t\t                            <a href=\"#\" class=\"team-socials\">\uf082<\/a>\r\n\t                        \t\t                        \t\t                            <a href=\"#\" class=\"team-socials\">\uf081<\/a>\r\n\t                            \t                            \t                            <a href=\"#\" class=\"team-socials\">\uf16d<\/a>\r\n\t                            \t                        <\/div>\r\n\t                    <\/div>\r\n\t                <\/div>\r\n\t               \t\t                <div class=\"doctors-three-column w-col w-col-3\">\r\n\t                    <div class=\"team-column-inner\">\r\n\t                        <div class=\"team_title\">\r\n\t                            <div class=\"team_profession w-clearfix\">\r\n\t                                <div class=\"team-circle\">\uf111<\/div>\r\n\t                                <div class=\"team-title\">Gesch\u00e4ftsf\u00fchrerin<\/div>\r\n\t                            <\/div>\r\n\t                            <div class=\"team-name\">\r\n\t                                Rebecca Schmidt\t                            <\/div>\r\n\t                        <\/div>\r\n\t                        <img decoding=\"async\" src=\"https:\/\/wordpress.maehler-med.de\/wp-content\/uploads\/2025\/12\/teaserbox_7732054.jpg\" loading=\"lazy\" alt=\"Team Member\" class=\"team-image\" \/>\r\n\t                        <div class=\"team_socials\">\r\n\t                        \t\t                            <a href=\"#\" class=\"team-socials\">\uf082<\/a>\r\n\t                        \t\t                        \t\t                            <a href=\"#\" class=\"team-socials\">\uf081<\/a>\r\n\t                            \t                            \t                            <a href=\"#\" class=\"team-socials\">\uf16d<\/a>\r\n\t                            \t                        <\/div>\r\n\t                    <\/div>\r\n\t                <\/div>\r\n\t               \t\t                <div class=\"doctors-three-column w-col w-col-3\">\r\n\t                    <div class=\"team-column-inner\">\r\n\t                        <div class=\"team_title\">\r\n\t                            <div class=\"team_profession w-clearfix\">\r\n\t                                <div class=\"team-circle\">\uf111<\/div>\r\n\t                                <div class=\"team-title\">Auftragsbearbeitung<\/div>\r\n\t                            <\/div>\r\n\t                            <div class=\"team-name\">\r\n\t                                Ronny Parting\t                            <\/div>\r\n\t                        <\/div>\r\n\t                        <img decoding=\"async\" src=\"https:\/\/wordpress.maehler-med.de\/wp-content\/uploads\/2025\/12\/teaserbox_67541921.jpg\" loading=\"lazy\" alt=\"Team Member\" class=\"team-image\" \/>\r\n\t                        <div class=\"team_socials\">\r\n\t                        \t\t                            <a href=\"#\" class=\"team-socials\">\uf082<\/a>\r\n\t                        \t\t                        \t\t                            <a href=\"#\" class=\"team-socials\">\uf081<\/a>\r\n\t                            \t                            \t                            <a href=\"#\" class=\"team-socials\">\uf16d<\/a>\r\n\t                            \t                        <\/div>\r\n\t                    <\/div>\r\n\t                <\/div>\r\n\t               \t\t                <div class=\"doctors-three-column w-col w-col-3\">\r\n\t                    <div class=\"team-column-inner\">\r\n\t                        <div class=\"team_title\">\r\n\t                            <div class=\"team_profession w-clearfix\">\r\n\t                                <div class=\"team-circle\">\uf111<\/div>\r\n\t                                <div class=\"team-title\">Au\u00dfendienst<\/div>\r\n\t                            <\/div>\r\n\t                            <div class=\"team-name\">\r\n\t                                Ronald M\u00fcller\t                            <\/div>\r\n\t                        <\/div>\r\n\t                        <img decoding=\"async\" src=\"https:\/\/wordpress.maehler-med.de\/wp-content\/uploads\/2025\/12\/ronald_mueller.jpg\" loading=\"lazy\" alt=\"Team Member\" class=\"team-image\" \/>\r\n\t                        <div class=\"team_socials\">\r\n\t                        \t\t                            <a href=\"#\" class=\"team-socials\">\uf082<\/a>\r\n\t                        \t\t                        \t\t                            <a href=\"#\" class=\"team-socials\">\uf081<\/a>\r\n\t                            \t                            \t                            <a href=\"#\" class=\"team-socials\">\uf16d<\/a>\r\n\t                            \t                        <\/div>\r\n\t                    <\/div>\r\n\t                <\/div>\r\n\t               \t\t            <\/div>\r\n\t        <\/div>\r\n\t    <\/section>\r\n    \r\n    \t\t\t\t<\/div>\n\t\t\t\t<\/div>\n\t\t\t\t<\/div>\n\t\t<div class=\"elementor-element elementor-element-726e39a e-con-full e-flex e-con e-parent\" data-id=\"726e39a\" data-element_type=\"container\" data-e-type=\"container\">\n\t\t\t\t<div class=\"elementor-element elementor-element-a72ed28 elementor-widget elementor-widget-Medyc-Global-Widgets-Testimonial-Block\" data-id=\"a72ed28\" data-element_type=\"widget\" data-e-type=\"widget\" data-widget_type=\"Medyc-Global-Widgets-Testimonial-Block.default\">\n\t\t\t\t<div class=\"elementor-widget-container\">\n\t\t\t\t\t\r\n\t    <section class=\"testimonials\">\r\n\t        <div class=\"flex-container w-container\">\r\n\t            <div class=\"main-title main_title2\">\r\n\t                <h2 class=\"main-title-heading title-style-2\">Rezensionen<\/h2>\r\n\t            <\/div>\r\n\t            <div class=\"testimonials-row w-row\">\r\n\t            \t\t                <div class=\"tesimonials-three-column w-col w-col-4\">\r\n\t                    <div class=\"testimonial-item\">\r\n\t                        <img decoding=\"async\" src=\"https:\/\/themeguri.com\/medyc\/wp-content\/uploads\/sites\/5\/2024\/02\/testimon_4testimon_03.png\" loading=\"lazy\" alt=\"Testimonial Author \" class=\"test-author-img\" \/>\r\n\t                        <h4 class=\"tesimonials-author-name\">Manfred<\/h4>\r\n\t                        <div class=\"testimonial-span\">Kunde<\/div>\r\n\t                        <p class=\"tesimonial-paragraph\">Sehr angenehmer und zuverl\u00e4ssiger Service.Bin vollkommen zufrieden.<\/p>\r\n\t                    <\/div>\r\n\t                <\/div>\r\n\t            \t\t                <div class=\"tesimonials-three-column w-col w-col-4\">\r\n\t                    <div class=\"testimonial-item\">\r\n\t                        <img decoding=\"async\" src=\"https:\/\/themeguri.com\/medyc\/wp-content\/uploads\/sites\/5\/2024\/02\/testimon_8testimon_07.png\" loading=\"lazy\" alt=\"Testimonial Author \" class=\"test-author-img\" \/>\r\n\t                        <h4 class=\"tesimonials-author-name\">Markus<\/h4>\r\n\t                        <div class=\"testimonial-span\">Kunde<\/div>\r\n\t                        <p class=\"tesimonial-paragraph\">Sehr Gute Beratung und mir ist endlich weitergeholfen worden. Danke!<\/p>\r\n\t                    <\/div>\r\n\t                <\/div>\r\n\t            \t\t                <div class=\"tesimonials-three-column w-col w-col-4\">\r\n\t                    <div class=\"testimonial-item\">\r\n\t                        <img decoding=\"async\" src=\"https:\/\/themeguri.com\/medyc\/wp-content\/uploads\/sites\/5\/2024\/02\/testimon_6testimon_05.png\" loading=\"lazy\" alt=\"Testimonial Author \" class=\"test-author-img\" \/>\r\n\t                        <h4 class=\"tesimonials-author-name\">Andreas<\/h4>\r\n\t                        <div class=\"testimonial-span\">Kunde<\/div>\r\n\t                        <p class=\"tesimonial-paragraph\">Ich bin zu 100 % mit dem Service zufrieden. Sehr freundlicher Umgang. <\/p>\r\n\t                    <\/div>\r\n\t                <\/div>\r\n\t            \t\t            <\/div>\r\n\t        <\/div>\r\n\t    <\/section>\r\n    \r\n    \t\t\t\t<\/div>\n\t\t\t\t<\/div>\n\t\t\t\t<\/div>\n\t\t<div class=\"elementor-element elementor-element-cdee5f2 e-con-full e-flex e-con e-parent\" data-id=\"cdee5f2\" data-element_type=\"container\" data-e-type=\"container\">\n\t\t\t\t<div class=\"elementor-element elementor-element-40829ea elementor-widget elementor-widget-Medyc-Global-Widgets-Faqs-Block\" data-id=\"40829ea\" data-element_type=\"widget\" data-e-type=\"widget\" data-widget_type=\"Medyc-Global-Widgets-Faqs-Block.default\">\n\t\t\t\t<div class=\"elementor-widget-container\">\n\t\t\t\t\t\r\n\t    <section class=\"accordion\">\r\n        <div class=\"flex-container w-container\">\r\n            <div class=\"accordion-row w-row\">\r\n                <div class=\"five-column w-col w-col-5\">\r\n                    <img decoding=\"async\" src=\"https:\/\/wordpress.maehler-med.de\/wp-content\/uploads\/2026\/01\/mmt-faq-parting.jpg\" loading=\"lazy\" width=\"100\" alt=\"FAQS Doctor\" class=\"accordion-image\" \/>\r\n                <\/div>\r\n\r\n                <div class=\"seven-column w-col w-col-7\">\r\n                    <div class=\"accordion-content\">\r\n                        <h2 class=\"accordion-title\">H\u00e4ufig gestellte Fragen<\/h2>\r\n\r\n\r\n                        <section class=\"accordion_css accordion--radio\">\r\n                        \t\t\t\t\t\t\t\t\t<div class=\"accordion_tab\">\r\n\t\t\t\t\t\t\t\t\t<input type=\"radio\" name=\"accordion-2\" id=\"rd1\">\r\n\t\t\t\t\t\t\t\t\t<label for=\"rd1\" class=\"tab__label\">Wie hoch sind die Versandkosten bei Ihnen?<\/label>\r\n\t\t\t\t\t\t\t\t\t<div class=\"tab__content\">\r\n\t\t\t\t\t\t\t\t  \t\t<p>Ab 100,00 EUR netto ist die Lieferung frei Haus, darunter fallen 10,90 EUR f\u00fcr den Versand an.\n\nBei gro\u00dfen Ger\u00e4ten und M\u00f6beln entstehen eventuell Transportkosten der Hersteller, die Sie jedoch vorher Anfragen k\u00f6nnen\n<\/p>\r\n\t\t\t\t\t\t\t\t\t<\/div>\r\n\t\t\t\t\t\t\t\t<\/div>\r\n                        \t\t\t\t\t\t\t\t\t<div class=\"accordion_tab\">\r\n\t\t\t\t\t\t\t\t\t<input type=\"radio\" name=\"accordion-2\" id=\"rd2\">\r\n\t\t\t\t\t\t\t\t\t<label for=\"rd2\" class=\"tab__label\">Welche Zahlungsm\u00f6glichkeiten bieten Sie an?<\/label>\r\n\t\t\t\t\t\t\t\t\t<div class=\"tab__content\">\r\n\t\t\t\t\t\t\t\t  \t\t<p>Wir bieten Ihnen bequeme Zahlung per Rechnung, 10 Tage Zahlungsziel per SEPA Lastschrift und per Vorkasse.\n<\/p>\r\n\t\t\t\t\t\t\t\t\t<\/div>\r\n\t\t\t\t\t\t\t\t<\/div>\r\n                        \t\t\t\t\t\t\t\t\t<div class=\"accordion_tab\">\r\n\t\t\t\t\t\t\t\t\t<input type=\"radio\" name=\"accordion-2\" id=\"rd3\">\r\n\t\t\t\t\t\t\t\t\t<label for=\"rd3\" class=\"tab__label\">Wie bekomme in Informationen zu Ihren Produkten?<\/label>\r\n\t\t\t\t\t\t\t\t\t<div class=\"tab__content\">\r\n\t\t\t\t\t\t\t\t  \t\t<p>Rufen Sie uns an, wir beraten Sie gerne telefonisch, oder vereinbaren Sie einen pers\u00f6nlichen Termin mit unserem Au\u00dfendienstmitarbeiter in Ihrer Praxis.<\/p>\r\n\t\t\t\t\t\t\t\t\t<\/div>\r\n\t\t\t\t\t\t\t\t<\/div>\r\n                        \t\t\t\t\t\t\t\t\t<div class=\"accordion_tab\">\r\n\t\t\t\t\t\t\t\t\t<input type=\"radio\" name=\"accordion-2\" id=\"rd4\">\r\n\t\t\t\t\t\t\t\t\t<label for=\"rd4\" class=\"tab__label\">Kann ich auch Sprechstundenbedarf bei Ihnen bestellen?<\/label>\r\n\t\t\t\t\t\t\t\t\t<div class=\"tab__content\">\r\n\t\t\t\t\t\t\t\t  \t\t<p>Ja. Wir rechnen auch den SSB mit den Krankenkassen ab. Senden Sie uns bitte die ausgef\u00fcllten Rezepte zu.\n<\/p>\r\n\t\t\t\t\t\t\t\t\t<\/div>\r\n\t\t\t\t\t\t\t\t<\/div>\r\n                        \t\t\t\t\t\t\t\t\t<div class=\"accordion_tab\">\r\n\t\t\t\t\t\t\t\t\t<input type=\"radio\" name=\"accordion-2\" id=\"rd5\">\r\n\t\t\t\t\t\t\t\t\t<label for=\"rd5\" class=\"tab__label\">Wie kann ich falsch bestellte Ware zur\u00fcckgeben?<\/label>\r\n\t\t\t\t\t\t\t\t\t<div class=\"tab__content\">\r\n\t\t\t\t\t\t\t\t  \t\t<p>Falsch bestellte Artikel k\u00f6nnen Sie nur zur\u00fcckgeben, wenn Sie vorher bei uns telefonisch oder per Mail eine Anfrage stellen. Wir pr\u00fcfen dann, ob der Artikel zur\u00fcckgenommen werden darf. Es gibt einige Hygienevorschriften\nund Gesetze, die eine R\u00fccksendung nicht zulassen.\nZ.B. darf der Originalkarton nicht ge\u00f6ffnet sein und die Artikel nicht benutzt sein. Nach Pr\u00fcfung teilen wir Ihnen mit, ob eine R\u00fccknahme m\u00f6glich ist. <\/p>\r\n\t\t\t\t\t\t\t\t\t<\/div>\r\n\t\t\t\t\t\t\t\t<\/div>\r\n                        \t\t\t\t\t\t\t\t<div class=\"accordion_tab\">\r\n\t\t\t\t\t\t\t\t<input type=\"radio\" name=\"accordion-2\" id=\"rd5\">\r\n\t\t\t\t\t\t\t\t<label for=\"rd5\" class=\"tab__close\">Tab schlie\u00dfen &times;<\/label>\r\n\t\t\t\t\t\t\t<\/div>\r\n                        <\/section>                        \r\n\r\n                <\/div>\r\n            <\/div>\r\n        <\/div>\r\n    <\/section>\r\n    \r\n    \t\t\t\t<\/div>\n\t\t\t\t<\/div>\n\t\t\t\t<\/div>\n\t\t\t\t<\/div>\n\t\t","protected":false},"excerpt":{"rendered":"<p>WILLKOMMEN BEI MMT M\u00c4HLER MEDIZINTECHNIK kompetent und zuverl\u00e4ssig Kontakt Kompetent und Zuverl\u00e4ssig M\u00e4hler Medizintechnik Wir f\u00fchren umfassende Beratungsgespr\u00e4che und nehmen uns Zeit f\u00fcr Sie und Ihre ganz individuellen W\u00fcnsche. Dabei zeigen wir Ihnen neue M\u00f6glichkeiten auf und freuen uns, wenn Sie etwas Passendes bei uns finden. Mehr erfahren \uf0a9 Team \uf111 Inhaberin Birgit Schmidt \uf082 <\/p>\n","protected":false},"author":1,"featured_media":0,"parent":0,"menu_order":0,"comment_status":"closed","ping_status":"closed","template":"","meta":{"_acf_changed":false,"_monsterinsights_skip_tracking":false,"_monsterinsights_sitenote_active":false,"_monsterinsights_sitenote_note":"","_monsterinsights_sitenote_category":0,"footnotes":""},"class_list":["post-440","page","type-page","status-publish","hentry"],"acf":[],"aioseo_notices":[],"_links":{"self":[{"href":"https:\/\/wordpress.maehler-med.de\/index.php\/wp-json\/wp\/v2\/pages\/440","targetHints":{"allow":["GET"]}}],"collection":[{"href":"https:\/\/wordpress.maehler-med.de\/index.php\/wp-json\/wp\/v2\/pages"}],"about":[{"href":"https:\/\/wordpress.maehler-med.de\/index.php\/wp-json\/wp\/v2\/types\/page"}],"author":[{"embeddable":true,"href":"https:\/\/wordpress.maehler-med.de\/index.php\/wp-json\/wp\/v2\/users\/1"}],"replies":[{"embeddable":true,"href":"https:\/\/wordpress.maehler-med.de\/index.php\/wp-json\/wp\/v2\/comments?post=440"}],"version-history":[{"count":93,"href":"https:\/\/wordpress.maehler-med.de\/index.php\/wp-json\/wp\/v2\/pages\/440\/revisions"}],"predecessor-version":[{"id":953,"href":"https:\/\/wordpress.maehler-med.de\/index.php\/wp-json\/wp\/v2\/pages\/440\/revisions\/953"}],"wp:attachment":[{"href":"https:\/\/wordpress.maehler-med.de\/index.php\/wp-json\/wp\/v2\/media?parent=440"}],"curies":[{"name":"wp","href":"https:\/\/api.w.org\/{rel}","templated":true}]}}