

{"id":26,"date":"2024-01-24T20:14:38","date_gmt":"2024-01-24T20:14:38","guid":{"rendered":"http:\/\/localhost\/medyc\/?page_id=26"},"modified":"2026-02-02T11:23:07","modified_gmt":"2026-02-02T11:23:07","slug":"kontakt","status":"publish","type":"page","link":"https:\/\/wordpress.maehler-med.de\/index.php\/kontakt\/","title":{"rendered":"Kontakt"},"content":{"rendered":"\t\t<div data-elementor-type=\"wp-page\" data-elementor-id=\"26\" class=\"elementor elementor-26\" data-elementor-post-type=\"page\">\n\t\t\t\t<div class=\"elementor-element elementor-element-eda4a6e e-con-full e-flex e-con e-parent\" data-id=\"eda4a6e\" data-element_type=\"container\" data-e-type=\"container\">\n\t\t\t\t<div class=\"elementor-element elementor-element-402c369 elementor-widget elementor-widget-Medyc-Global-Widgets-Contact-Block\" data-id=\"402c369\" data-element_type=\"widget\" data-e-type=\"widget\" data-widget_type=\"Medyc-Global-Widgets-Contact-Block.default\">\n\t\t\t\t<div class=\"elementor-widget-container\">\n\t\t\t\t\t\r\n\t    <section class=\"contact-text\">\r\n\t\t    <div class=\"flex-container w-container\">\r\n\t\t        <div class=\"contact-upper\">\r\n\t\t            <div class=\"row w-row\">\r\n\t\t                <div class=\"six-column w-clearfix w-col w-col-6\">\r\n\t\t                    <img decoding=\"async\" src=\"https:\/\/wordpress.maehler-med.de\/wp-content\/themes\/medyc\/assets\/images\/caption-stripes_1caption-stripes.png\" loading=\"lazy\" alt=\"Stripes\" class=\"contact-stripes\" \/>\r\n\t\t                    <h5 class=\"contact-title\">Kontakt<\/h5>\r\n\t\t                    <div class=\"contact-span\">Bleiben Sie in Kontakt.<\/div>\r\n\t\t                    <p class=\"contact-paragraph\">\r\n\t\t                        Wir freuen uns, Sie auf unserer Homepage begr\u00fc\u00dfen zu k\u00f6nnen. Informieren Sie sich auf unserer Internetpr\u00e4senz \u00fcber unser Unternehmen und unsere Leistungen. Unser Gesch\u00e4ft stellt Ihnen eine gro\u00dfe Bandbreite zur Verf\u00fcgung, aus der Sie ganz nach Ihrem Geschmack w\u00e4hlen k\u00f6nnen. Dabei unterst\u00fctzen wir Sie mit einer umfassenden und fachlich kompetenten Beratung.  \t\t                    <\/p>\r\n\t\t                <\/div>\r\n\t\t                <div class=\"six-column w-col w-col-6\">\r\n\t\t                  <div class=\"main-form-wrapper w-form\">\r\n\t\t                       <p><style id=\"wpforms-css-vars-686\">\n\t\t\t\t#wpforms-686 {\n\t\t\t\t--wpforms-container-padding: 0px;\n--wpforms-container-border-width: 1px;\n--wpforms-container-border-radius: 3px;\n--wpforms-background-color: rgba(0, 0, 0, 0);\n--wpforms-field-size-input-height: 43px;\n--wpforms-field-size-input-spacing: 15px;\n--wpforms-field-size-font-size: 16px;\n--wpforms-field-size-line-height: 19px;\n--wpforms-field-size-padding-h: 14px;\n--wpforms-field-size-checkbox-size: 16px;\n--wpforms-field-size-sublabel-spacing: 5px;\n--wpforms-field-size-icon-size: 1;\n--wpforms-label-size-font-size: 16px;\n--wpforms-label-size-line-height: 19px;\n--wpforms-label-size-sublabel-font-size: 14px;\n--wpforms-label-size-sublabel-line-height: 17px;\n--wpforms-button-size-font-size: 17px;\n--wpforms-button-size-height: 41px;\n--wpforms-button-size-padding-h: 15px;\n--wpforms-button-size-margin-top: 10px;\n--wpforms-container-shadow-size-box-shadow: none;\n\t\t\t}\n\t\t\t<\/style><div class=\"wpforms-container wpforms-container-full wpforms-render-modern\" id=\"wpforms-686\"><form id=\"wpforms-form-686\" class=\"wpforms-validate wpforms-form wpforms-ajax-form\" data-formid=\"686\" method=\"post\" enctype=\"multipart\/form-data\" action=\"\/index.php\/wp-json\/wp\/v2\/pages\/26\" data-token=\"bb97ce1e5209ca5c1980abd3ab6678d1\" data-token-time=\"1777653235\"><noscript class=\"wpforms-error-noscript\">Bitte aktiviere JavaScript in deinem Browser, um dieses Formular fertigzustellen.<\/noscript><div id=\"wpforms-error-noscript\" style=\"display: none;\">Bitte aktiviere JavaScript in deinem Browser, um dieses Formular fertigzustellen.<\/div><div class=\"wpforms-field-container\"><div id=\"wpforms-686-field_1-container\" class=\"wpforms-field wpforms-field-name\" data-field-id=\"1\"><fieldset><legend class=\"wpforms-field-label\">Name <span class=\"wpforms-required-label\" aria-hidden=\"true\">*<\/span><\/legend><div class=\"wpforms-field-row wpforms-field-medium\"><div class=\"wpforms-field-row-block wpforms-first wpforms-one-half\"><input type=\"text\" id=\"wpforms-686-field_1\" class=\"wpforms-field-name-first wpforms-field-required\" name=\"wpforms[fields][1][first]\" aria-errormessage=\"wpforms-686-field_1-error\" required><label for=\"wpforms-686-field_1\" class=\"wpforms-field-sublabel after\">Vorname<\/label><\/div><div class=\"wpforms-field-row-block wpforms-one-half\"><input type=\"text\" id=\"wpforms-686-field_1-last\" class=\"wpforms-field-name-last wpforms-field-required\" name=\"wpforms[fields][1][last]\" aria-errormessage=\"wpforms-686-field_1-last-error\" required><label for=\"wpforms-686-field_1-last\" class=\"wpforms-field-sublabel after\">Nachname<\/label><\/div><\/div><\/fieldset><\/div><div id=\"wpforms-686-field_4-container\" class=\"wpforms-field wpforms-field-text\" data-field-id=\"4\"><label class=\"wpforms-field-label\" for=\"wpforms-686-field_4\">Firma <span class=\"wpforms-required-label\" aria-hidden=\"true\">*<\/span><\/label><input type=\"text\" id=\"wpforms-686-field_4\" class=\"wpforms-field-medium wpforms-field-required\" name=\"wpforms[fields][4]\" aria-errormessage=\"wpforms-686-field_4-error\" required><\/div><div id=\"wpforms-686-field_5-container\" class=\"wpforms-field wpforms-field-text\" data-field-id=\"5\"><label class=\"wpforms-field-label\" for=\"wpforms-686-field_5\">Anschrift <span class=\"wpforms-required-label\" aria-hidden=\"true\">*<\/span><\/label><input type=\"text\" id=\"wpforms-686-field_5\" class=\"wpforms-field-medium wpforms-field-required\" name=\"wpforms[fields][5]\" aria-errormessage=\"wpforms-686-field_5-error\" required><\/div><div id=\"wpforms-686-field_7-container\" class=\"wpforms-field wpforms-field-text\" data-field-id=\"7\"><label class=\"wpforms-field-label\" for=\"wpforms-686-field_7\">Telefonnummer<\/label><input type=\"text\" id=\"wpforms-686-field_7\" class=\"wpforms-field-medium\" name=\"wpforms[fields][7]\" aria-errormessage=\"wpforms-686-field_7-error\" ><\/div>\t\t<div id=\"wpforms-686-field_8-container\"\n\t\t\tclass=\"wpforms-field wpforms-field-text\"\n\t\t\tdata-field-type=\"text\"\n\t\t\tdata-field-id=\"8\"\n\t\t\t>\n\t\t\t<label class=\"wpforms-field-label\" for=\"wpforms-686-field_8\" >Nachricht * Telefonnummer<\/label>\n\t\t\t<input type=\"text\" id=\"wpforms-686-field_8\" class=\"wpforms-field-medium\" name=\"wpforms[fields][8]\" >\n\t\t<\/div>\n\t\t<div id=\"wpforms-686-field_2-container\" class=\"wpforms-field wpforms-field-email\" data-field-id=\"2\"><label class=\"wpforms-field-label\" for=\"wpforms-686-field_2\">E-Mail-Adresse <span class=\"wpforms-required-label\" aria-hidden=\"true\">*<\/span><\/label><input type=\"email\" id=\"wpforms-686-field_2\" class=\"wpforms-field-medium wpforms-field-required\" name=\"wpforms[fields][2]\" spellcheck=\"false\" aria-errormessage=\"wpforms-686-field_2-error\" required><\/div><div id=\"wpforms-686-field_3-container\" class=\"wpforms-field wpforms-field-textarea\" data-field-id=\"3\"><label class=\"wpforms-field-label\" for=\"wpforms-686-field_3\">Kommentar oder Nachricht<\/label><textarea id=\"wpforms-686-field_3\" class=\"wpforms-field-medium\" name=\"wpforms[fields][3]\" aria-errormessage=\"wpforms-686-field_3-error\" ><\/textarea><\/div><div id=\"wpforms-686-field_6-container\" class=\"wpforms-field wpforms-field-gdpr-checkbox\" data-field-id=\"6\"><label class=\"wpforms-field-label\">Ihre Daten werden \u00fcber dieses Formular gesammelt * <span class=\"wpforms-required-label\" aria-hidden=\"true\">*<\/span><\/label><ul id=\"wpforms-686-field_6\" class=\"wpforms-field-required\"><li class=\"choice-1\"><input type=\"checkbox\" id=\"wpforms-686-field_6_1\" name=\"wpforms[fields][6][]\" value=\"Ich willige ein, dass diese Website meine \u00fcbermittelten Informationen speichert, sodass meine Anfrage beantwortet werden kann.\" aria-errormessage=\"wpforms-686-field_6_1-error\" required ><label class=\"wpforms-field-label-inline\" for=\"wpforms-686-field_6_1\">Ich willige ein, dass diese Website meine \u00fcbermittelten Informationen speichert, sodass meine Anfrage beantwortet werden kann.<\/label><\/li><\/ul><\/div><script>\n\t\t\t\t( function() {\n\t\t\t\t\tconst style = document.createElement( 'style' );\n\t\t\t\t\tstyle.appendChild( document.createTextNode( '#wpforms-686-field_8-container { position: absolute !important; overflow: hidden !important; display: inline !important; height: 1px !important; width: 1px !important; z-index: -1000 !important; padding: 0 !important; } #wpforms-686-field_8-container input { visibility: hidden; } #wpforms-conversational-form-page #wpforms-686-field_8-container label { counter-increment: none; }' ) );\n\t\t\t\t\tdocument.head.appendChild( style );\n\t\t\t\t\tdocument.currentScript?.remove();\n\t\t\t\t} )();\n\t\t\t<\/script><\/div><!-- .wpforms-field-container --><div class=\"wpforms-submit-container\" ><input type=\"hidden\" name=\"wpforms[id]\" value=\"686\"><input type=\"hidden\" name=\"page_title\" value=\"\"><input type=\"hidden\" name=\"page_url\" value=\"https:\/\/wordpress.maehler-med.de\/index.php\/wp-json\/wp\/v2\/pages\/26\"><input type=\"hidden\" name=\"url_referer\" value=\"\"><button type=\"submit\" name=\"wpforms[submit]\" id=\"wpforms-submit-686\" class=\"wpforms-submit\" data-alt-text=\"Wird gesendet\u00a0\u2026\" data-submit-text=\"Absenden\" aria-live=\"assertive\" value=\"wpforms-submit\">Absenden<\/button><img decoding=\"async\" src=\"https:\/\/wordpress.maehler-med.de\/wp-content\/plugins\/wpforms-lite\/assets\/images\/submit-spin.svg\" class=\"wpforms-submit-spinner\" style=\"display: none;\" width=\"26\" height=\"26\" alt=\"Wird geladen\"><\/div><\/form><\/div>  <!-- .wpforms-container --><\/p>\t\t                  <\/div>\r\n\t\t                <\/div>\r\n\t\t            <\/div>\r\n\t\t        <\/div>\r\n\t\t    <\/div>\r\n\t    <\/section>\r\n    \r\n    \t\t\t\t<\/div>\n\t\t\t\t<\/div>\n\t\t\t\t<\/div>\n\t\t<div class=\"elementor-element elementor-element-8c91b17 e-con-full e-flex e-con e-parent\" data-id=\"8c91b17\" data-element_type=\"container\" data-e-type=\"container\">\n\t\t\t\t<div class=\"elementor-element elementor-element-4843087 elementor-widget elementor-widget-Medyc-Global-Widgets-Contact-Block2\" data-id=\"4843087\" data-element_type=\"widget\" data-e-type=\"widget\" data-widget_type=\"Medyc-Global-Widgets-Contact-Block2.default\">\n\t\t\t\t<div class=\"elementor-widget-container\">\n\t\t\t\t\t\n\t    <div class=\"blue-bg\">\n\t        <div class=\"flex-container w-container\">\n\t            <div class=\"row w-row\">\n\t                <div class=\"four-column w-col w-col-4\">\n\t                    <div class=\"contact-infos\">\n\t                        <div class=\"contact-info-icon\">\uf095<\/div>\n\t                        <div class=\"contact-info-text\">+49 3843 855500<\/div>\n\t                    <\/div>\n\t                <\/div>\n\t                <div class=\"four-column w-col w-col-4\">\n\t                    <div class=\"contact-infos\">\n\t                        <div class=\"contact-info-icon\">\uf0e0<\/div>\n\t                        <a href=\"mailto:info@maehler-med.de\" class=\"mail-link contact-info-text\">info@maehler-med.de<\/a>\n\t                    <\/div>\n\t                <\/div>\n\t                <div class=\"four-column w-col w-col-4\">\n\t                    <div class=\"contact-infos\">\n\t                        <div class=\"contact-info-icon\">\uf041<\/div>\n\t                        <div class=\"contact-info-text\">Lindbruch 1a, 18273 G\u00fcstrow<\/div>\n\t                    <\/div>\n\t                <\/div>\n\t            <\/div>\n\t        <\/div>\n\t    <\/div>\n\n    \t\t\t\t<\/div>\n\t\t\t\t<\/div>\n\t\t\t\t<\/div>\n\t\t<div class=\"elementor-element elementor-element-c3c02ab e-con-full e-flex e-con e-parent\" data-id=\"c3c02ab\" data-element_type=\"container\" data-e-type=\"container\">\n\t\t\t\t<div class=\"elementor-element elementor-element-313c9c4 elementor-widget elementor-widget-google_maps\" data-id=\"313c9c4\" data-element_type=\"widget\" data-e-type=\"widget\" data-widget_type=\"google_maps.default\">\n\t\t\t\t\t\t\t<div class=\"elementor-custom-embed\">\n\t\t\t<iframe loading=\"lazy\"\n\t\t\t\t\tsrc=\"https:\/\/maps.google.com\/maps?q=MMT%20M%C3%A4hler%20Medizintechnik%2C%2018273%20G%C3%BCstrow&#038;t=m&#038;z=14&#038;output=embed&#038;iwloc=near\"\n\t\t\t\t\ttitle=\"MMT M\u00e4hler Medizintechnik, 18273 G\u00fcstrow\"\n\t\t\t\t\taria-label=\"MMT M\u00e4hler Medizintechnik, 18273 G\u00fcstrow\"\n\t\t\t><\/iframe>\n\t\t<\/div>\n\t\t\t\t\t\t<\/div>\n\t\t\t\t<\/div>\n\t\t\t\t<\/div>\n\t\t","protected":false},"excerpt":{"rendered":"<p>Kontakt Bleiben Sie in Kontakt. Wir freuen uns, Sie auf unserer Homepage begr\u00fc\u00dfen zu k\u00f6nnen. Informieren Sie sich auf unserer Internetpr\u00e4senz \u00fcber unser Unternehmen und unsere Leistungen. Unser Gesch\u00e4ft stellt Ihnen eine gro\u00dfe Bandbreite zur Verf\u00fcgung, aus der Sie ganz nach Ihrem Geschmack w\u00e4hlen k\u00f6nnen. Dabei unterst\u00fctzen wir Sie mit einer umfassenden und fachlich kompetenten <\/p>\n","protected":false},"author":1,"featured_media":0,"parent":0,"menu_order":0,"comment_status":"closed","ping_status":"closed","template":"","meta":{"_acf_changed":false,"_monsterinsights_skip_tracking":false,"_monsterinsights_sitenote_active":false,"_monsterinsights_sitenote_note":"","_monsterinsights_sitenote_category":0,"footnotes":""},"class_list":["post-26","page","type-page","status-publish","hentry"],"acf":[],"aioseo_notices":[],"_links":{"self":[{"href":"https:\/\/wordpress.maehler-med.de\/index.php\/wp-json\/wp\/v2\/pages\/26","targetHints":{"allow":["GET"]}}],"collection":[{"href":"https:\/\/wordpress.maehler-med.de\/index.php\/wp-json\/wp\/v2\/pages"}],"about":[{"href":"https:\/\/wordpress.maehler-med.de\/index.php\/wp-json\/wp\/v2\/types\/page"}],"author":[{"embeddable":true,"href":"https:\/\/wordpress.maehler-med.de\/index.php\/wp-json\/wp\/v2\/users\/1"}],"replies":[{"embeddable":true,"href":"https:\/\/wordpress.maehler-med.de\/index.php\/wp-json\/wp\/v2\/comments?post=26"}],"version-history":[{"count":16,"href":"https:\/\/wordpress.maehler-med.de\/index.php\/wp-json\/wp\/v2\/pages\/26\/revisions"}],"predecessor-version":[{"id":906,"href":"https:\/\/wordpress.maehler-med.de\/index.php\/wp-json\/wp\/v2\/pages\/26\/revisions\/906"}],"wp:attachment":[{"href":"https:\/\/wordpress.maehler-med.de\/index.php\/wp-json\/wp\/v2\/media?parent=26"}],"curies":[{"name":"wp","href":"https:\/\/api.w.org\/{rel}","templated":true}]}}