

{"id":18,"date":"2024-01-24T20:13:36","date_gmt":"2024-01-24T20:13:36","guid":{"rendered":"http:\/\/localhost\/medyc\/?page_id=18"},"modified":"2026-02-02T09:26:22","modified_gmt":"2026-02-02T09:26:22","slug":"leistungen","status":"publish","type":"page","link":"https:\/\/wordpress.maehler-med.de\/index.php\/leistungen\/","title":{"rendered":"Leistungen"},"content":{"rendered":"\t\t<div data-elementor-type=\"wp-page\" data-elementor-id=\"18\" class=\"elementor elementor-18\" data-elementor-post-type=\"page\">\n\t\t\t\t<div class=\"elementor-element elementor-element-362d47d8 e-flex e-con-boxed e-con e-parent\" data-id=\"362d47d8\" data-element_type=\"container\" data-e-type=\"container\">\n\t\t\t\t\t<div class=\"e-con-inner\">\n\t\t\t\t<div class=\"elementor-element elementor-element-cb31a32 gallery-spacing-custom elementor-widget elementor-widget-image-gallery\" data-id=\"cb31a32\" data-element_type=\"widget\" data-e-type=\"widget\" data-widget_type=\"image-gallery.default\">\n\t\t\t\t\t\t\t<div class=\"elementor-image-gallery\">\n\t\t\t<div id='gallery-2' class='gallery galleryid-18 gallery-columns-4 gallery-size-full'><figure class='gallery-item'>\n\t\t\t<div class='gallery-icon landscape'>\n\t\t\t\t<a data-elementor-open-lightbox=\"yes\" data-elementor-lightbox-slideshow=\"cb31a32\" data-elementor-lightbox-title=\"leistungen-sterisilation\" data-e-action-hash=\"#elementor-action%3Aaction%3Dlightbox%26settings%3DeyJpZCI6ODE1LCJ1cmwiOiJodHRwczpcL1wvd29yZHByZXNzLm1hZWhsZXItbWVkLmRlXC93cC1jb250ZW50XC91cGxvYWRzXC8yMDI2XC8wMVwvbGVpc3R1bmdlbi1zdGVyaXNpbGF0aW9uLmpwZyIsInNsaWRlc2hvdyI6ImNiMzFhMzIifQ%3D%3D\" href='https:\/\/wordpress.maehler-med.de\/wp-content\/uploads\/2026\/01\/leistungen-sterisilation.jpg'><img fetchpriority=\"high\" decoding=\"async\" width=\"600\" height=\"400\" src=\"https:\/\/wordpress.maehler-med.de\/wp-content\/uploads\/2026\/01\/leistungen-sterisilation.jpg\" class=\"attachment-full size-full\" alt=\"\" aria-describedby=\"gallery-2-815\" srcset=\"https:\/\/wordpress.maehler-med.de\/wp-content\/uploads\/2026\/01\/leistungen-sterisilation.jpg 600w, https:\/\/wordpress.maehler-med.de\/wp-content\/uploads\/2026\/01\/leistungen-sterisilation-300x200.jpg 300w\" sizes=\"(max-width: 600px) 100vw, 600px\" \/><\/a>\n\t\t\t<\/div>\n\t\t\t\t<figcaption class='wp-caption-text gallery-caption' id='gallery-2-815'>\n\t\t\t\tSterilisation\n\t\t\t\t<\/figcaption><\/figure><figure class='gallery-item'>\n\t\t\t<div class='gallery-icon landscape'>\n\t\t\t\t<a data-elementor-open-lightbox=\"yes\" data-elementor-lightbox-slideshow=\"cb31a32\" data-elementor-lightbox-title=\"leistungen-praxiseinrichtung\" data-e-action-hash=\"#elementor-action%3Aaction%3Dlightbox%26settings%3DeyJpZCI6ODE0LCJ1cmwiOiJodHRwczpcL1wvd29yZHByZXNzLm1hZWhsZXItbWVkLmRlXC93cC1jb250ZW50XC91cGxvYWRzXC8yMDI2XC8wMVwvbGVpc3R1bmdlbi1wcmF4aXNlaW5yaWNodHVuZy5qcGciLCJzbGlkZXNob3ciOiJjYjMxYTMyIn0%3D\" href='https:\/\/wordpress.maehler-med.de\/wp-content\/uploads\/2026\/01\/leistungen-praxiseinrichtung.jpg'><img decoding=\"async\" width=\"600\" height=\"400\" src=\"https:\/\/wordpress.maehler-med.de\/wp-content\/uploads\/2026\/01\/leistungen-praxiseinrichtung.jpg\" class=\"attachment-full size-full\" alt=\"\" aria-describedby=\"gallery-2-814\" srcset=\"https:\/\/wordpress.maehler-med.de\/wp-content\/uploads\/2026\/01\/leistungen-praxiseinrichtung.jpg 600w, https:\/\/wordpress.maehler-med.de\/wp-content\/uploads\/2026\/01\/leistungen-praxiseinrichtung-300x200.jpg 300w\" sizes=\"(max-width: 600px) 100vw, 600px\" \/><\/a>\n\t\t\t<\/div>\n\t\t\t\t<figcaption class='wp-caption-text gallery-caption' id='gallery-2-814'>\n\t\t\t\tPraxiseinrichtung\n\t\t\t\t<\/figcaption><\/figure><figure class='gallery-item'>\n\t\t\t<div class='gallery-icon landscape'>\n\t\t\t\t<a data-elementor-open-lightbox=\"yes\" data-elementor-lightbox-slideshow=\"cb31a32\" data-elementor-lightbox-title=\"leistungen-praxisbedarf\" data-e-action-hash=\"#elementor-action%3Aaction%3Dlightbox%26settings%3DeyJpZCI6ODEzLCJ1cmwiOiJodHRwczpcL1wvd29yZHByZXNzLm1hZWhsZXItbWVkLmRlXC93cC1jb250ZW50XC91cGxvYWRzXC8yMDI2XC8wMVwvbGVpc3R1bmdlbi1wcmF4aXNiZWRhcmYuanBnIiwic2xpZGVzaG93IjoiY2IzMWEzMiJ9\" href='https:\/\/wordpress.maehler-med.de\/wp-content\/uploads\/2026\/01\/leistungen-praxisbedarf.jpg'><img decoding=\"async\" width=\"600\" height=\"400\" src=\"https:\/\/wordpress.maehler-med.de\/wp-content\/uploads\/2026\/01\/leistungen-praxisbedarf.jpg\" class=\"attachment-full size-full\" alt=\"\" aria-describedby=\"gallery-2-813\" srcset=\"https:\/\/wordpress.maehler-med.de\/wp-content\/uploads\/2026\/01\/leistungen-praxisbedarf.jpg 600w, https:\/\/wordpress.maehler-med.de\/wp-content\/uploads\/2026\/01\/leistungen-praxisbedarf-300x200.jpg 300w\" sizes=\"(max-width: 600px) 100vw, 600px\" \/><\/a>\n\t\t\t<\/div>\n\t\t\t\t<figcaption class='wp-caption-text gallery-caption' id='gallery-2-813'>\n\t\t\t\tPraxisbedarf\n\t\t\t\t<\/figcaption><\/figure><figure class='gallery-item'>\n\t\t\t<div class='gallery-icon landscape'>\n\t\t\t\t<a data-elementor-open-lightbox=\"yes\" data-elementor-lightbox-slideshow=\"cb31a32\" data-elementor-lightbox-title=\"leistungen-opausstattung\" data-e-action-hash=\"#elementor-action%3Aaction%3Dlightbox%26settings%3DeyJpZCI6ODEyLCJ1cmwiOiJodHRwczpcL1wvd29yZHByZXNzLm1hZWhsZXItbWVkLmRlXC93cC1jb250ZW50XC91cGxvYWRzXC8yMDI2XC8wMVwvbGVpc3R1bmdlbi1vcGF1c3N0YXR0dW5nLmpwZyIsInNsaWRlc2hvdyI6ImNiMzFhMzIifQ%3D%3D\" href='https:\/\/wordpress.maehler-med.de\/wp-content\/uploads\/2026\/01\/leistungen-opausstattung.jpg'><img loading=\"lazy\" decoding=\"async\" width=\"600\" height=\"400\" src=\"https:\/\/wordpress.maehler-med.de\/wp-content\/uploads\/2026\/01\/leistungen-opausstattung.jpg\" class=\"attachment-full size-full\" alt=\"\" aria-describedby=\"gallery-2-812\" srcset=\"https:\/\/wordpress.maehler-med.de\/wp-content\/uploads\/2026\/01\/leistungen-opausstattung.jpg 600w, https:\/\/wordpress.maehler-med.de\/wp-content\/uploads\/2026\/01\/leistungen-opausstattung-300x200.jpg 300w\" sizes=\"(max-width: 600px) 100vw, 600px\" \/><\/a>\n\t\t\t<\/div>\n\t\t\t\t<figcaption class='wp-caption-text gallery-caption' id='gallery-2-812'>\n\t\t\t\tOP Ausstattung\n\t\t\t\t<\/figcaption><\/figure><figure class='gallery-item'>\n\t\t\t<div class='gallery-icon landscape'>\n\t\t\t\t<a data-elementor-open-lightbox=\"yes\" data-elementor-lightbox-slideshow=\"cb31a32\" data-elementor-lightbox-title=\"leistungen-notfall\" data-e-action-hash=\"#elementor-action%3Aaction%3Dlightbox%26settings%3DeyJpZCI6ODExLCJ1cmwiOiJodHRwczpcL1wvd29yZHByZXNzLm1hZWhsZXItbWVkLmRlXC93cC1jb250ZW50XC91cGxvYWRzXC8yMDI2XC8wMVwvbGVpc3R1bmdlbi1ub3RmYWxsLmpwZyIsInNsaWRlc2hvdyI6ImNiMzFhMzIifQ%3D%3D\" href='https:\/\/wordpress.maehler-med.de\/wp-content\/uploads\/2026\/01\/leistungen-notfall.jpg'><img loading=\"lazy\" decoding=\"async\" width=\"600\" height=\"400\" src=\"https:\/\/wordpress.maehler-med.de\/wp-content\/uploads\/2026\/01\/leistungen-notfall.jpg\" class=\"attachment-full size-full\" alt=\"\" aria-describedby=\"gallery-2-811\" srcset=\"https:\/\/wordpress.maehler-med.de\/wp-content\/uploads\/2026\/01\/leistungen-notfall.jpg 600w, https:\/\/wordpress.maehler-med.de\/wp-content\/uploads\/2026\/01\/leistungen-notfall-300x200.jpg 300w\" sizes=\"(max-width: 600px) 100vw, 600px\" \/><\/a>\n\t\t\t<\/div>\n\t\t\t\t<figcaption class='wp-caption-text gallery-caption' id='gallery-2-811'>\n\t\t\t\tNotfall\n\t\t\t\t<\/figcaption><\/figure><figure class='gallery-item'>\n\t\t\t<div class='gallery-icon landscape'>\n\t\t\t\t<a data-elementor-open-lightbox=\"yes\" data-elementor-lightbox-slideshow=\"cb31a32\" data-elementor-lightbox-title=\"leistungen-instrumente\" data-e-action-hash=\"#elementor-action%3Aaction%3Dlightbox%26settings%3DeyJpZCI6ODA5LCJ1cmwiOiJodHRwczpcL1wvd29yZHByZXNzLm1hZWhsZXItbWVkLmRlXC93cC1jb250ZW50XC91cGxvYWRzXC8yMDI2XC8wMVwvbGVpc3R1bmdlbi1pbnN0cnVtZW50ZS5qcGciLCJzbGlkZXNob3ciOiJjYjMxYTMyIn0%3D\" href='https:\/\/wordpress.maehler-med.de\/wp-content\/uploads\/2026\/01\/leistungen-instrumente.jpg'><img loading=\"lazy\" decoding=\"async\" width=\"600\" height=\"400\" src=\"https:\/\/wordpress.maehler-med.de\/wp-content\/uploads\/2026\/01\/leistungen-instrumente.jpg\" class=\"attachment-full size-full\" alt=\"\" aria-describedby=\"gallery-2-809\" srcset=\"https:\/\/wordpress.maehler-med.de\/wp-content\/uploads\/2026\/01\/leistungen-instrumente.jpg 600w, https:\/\/wordpress.maehler-med.de\/wp-content\/uploads\/2026\/01\/leistungen-instrumente-300x200.jpg 300w\" sizes=\"(max-width: 600px) 100vw, 600px\" \/><\/a>\n\t\t\t<\/div>\n\t\t\t\t<figcaption class='wp-caption-text gallery-caption' id='gallery-2-809'>\n\t\t\t\tInstrumente\n\t\t\t\t<\/figcaption><\/figure><figure class='gallery-item'>\n\t\t\t<div class='gallery-icon landscape'>\n\t\t\t\t<a data-elementor-open-lightbox=\"yes\" data-elementor-lightbox-slideshow=\"cb31a32\" data-elementor-lightbox-title=\"leistungen-medizintechnik\" data-e-action-hash=\"#elementor-action%3Aaction%3Dlightbox%26settings%3DeyJpZCI6ODEwLCJ1cmwiOiJodHRwczpcL1wvd29yZHByZXNzLm1hZWhsZXItbWVkLmRlXC93cC1jb250ZW50XC91cGxvYWRzXC8yMDI2XC8wMVwvbGVpc3R1bmdlbi1tZWRpemludGVjaG5pay5qcGciLCJzbGlkZXNob3ciOiJjYjMxYTMyIn0%3D\" href='https:\/\/wordpress.maehler-med.de\/wp-content\/uploads\/2026\/01\/leistungen-medizintechnik.jpg'><img loading=\"lazy\" decoding=\"async\" width=\"600\" height=\"400\" src=\"https:\/\/wordpress.maehler-med.de\/wp-content\/uploads\/2026\/01\/leistungen-medizintechnik.jpg\" class=\"attachment-full size-full\" alt=\"\" aria-describedby=\"gallery-2-810\" srcset=\"https:\/\/wordpress.maehler-med.de\/wp-content\/uploads\/2026\/01\/leistungen-medizintechnik.jpg 600w, https:\/\/wordpress.maehler-med.de\/wp-content\/uploads\/2026\/01\/leistungen-medizintechnik-300x200.jpg 300w\" sizes=\"(max-width: 600px) 100vw, 600px\" \/><\/a>\n\t\t\t<\/div>\n\t\t\t\t<figcaption class='wp-caption-text gallery-caption' id='gallery-2-810'>\n\t\t\t\tMedizintechnik\n\t\t\t\t<\/figcaption><\/figure><figure class='gallery-item'>\n\t\t\t<div class='gallery-icon landscape'>\n\t\t\t\t<a data-elementor-open-lightbox=\"yes\" data-elementor-lightbox-slideshow=\"cb31a32\" data-elementor-lightbox-title=\"leistungen-desinfektion\" data-e-action-hash=\"#elementor-action%3Aaction%3Dlightbox%26settings%3DeyJpZCI6ODA4LCJ1cmwiOiJodHRwczpcL1wvd29yZHByZXNzLm1hZWhsZXItbWVkLmRlXC93cC1jb250ZW50XC91cGxvYWRzXC8yMDI2XC8wMVwvbGVpc3R1bmdlbi1kZXNpbmZla3Rpb24uanBnIiwic2xpZGVzaG93IjoiY2IzMWEzMiJ9\" href='https:\/\/wordpress.maehler-med.de\/wp-content\/uploads\/2026\/01\/leistungen-desinfektion.jpg'><img loading=\"lazy\" decoding=\"async\" width=\"600\" height=\"400\" src=\"https:\/\/wordpress.maehler-med.de\/wp-content\/uploads\/2026\/01\/leistungen-desinfektion.jpg\" class=\"attachment-full size-full\" alt=\"\" aria-describedby=\"gallery-2-808\" srcset=\"https:\/\/wordpress.maehler-med.de\/wp-content\/uploads\/2026\/01\/leistungen-desinfektion.jpg 600w, https:\/\/wordpress.maehler-med.de\/wp-content\/uploads\/2026\/01\/leistungen-desinfektion-300x200.jpg 300w\" sizes=\"(max-width: 600px) 100vw, 600px\" \/><\/a>\n\t\t\t<\/div>\n\t\t\t\t<figcaption class='wp-caption-text gallery-caption' id='gallery-2-808'>\n\t\t\t\tDesinfektion\n\t\t\t\t<\/figcaption><\/figure>\n\t\t<\/div>\n\t\t<\/div>\n\t\t\t\t\t\t<\/div>\n\t\t\t\t\t<\/div>\n\t\t\t\t<\/div>\n\t\t<div class=\"elementor-element elementor-element-96153a6 e-con-full e-flex e-con e-parent\" data-id=\"96153a6\" data-element_type=\"container\" data-e-type=\"container\">\n\t\t\t\t<div class=\"elementor-element elementor-element-57577da8 elementor-widget elementor-widget-Medyc-Global-Widgets-About-Block2\" data-id=\"57577da8\" data-element_type=\"widget\" data-e-type=\"widget\" data-widget_type=\"Medyc-Global-Widgets-About-Block2.default\">\n\t\t\t\t<div class=\"elementor-widget-container\">\n\t\t\t\t\t\r\n\t    <div class=\"hire-section\">\r\n\t        <div class=\"flex-container w-container\">\r\n\t            <div class=\"row w-row\">\r\n\t                <div class=\"eight-column w-col w-col-8 w-col-stack\">\r\n\t                    <img decoding=\"async\"\r\n\t                        src=\"https:\/\/wordpress.maehler-med.de\/wp-content\/uploads\/2026\/01\/mmt_block_about-1.jpg\"\r\n\t                        loading=\"lazy\"\r\n\t                        alt=\"About Image\"\r\n\t                        class=\"hire-main-image\"\r\n\t                    \/>\r\n\t                    <div class=\"row w-row\">\r\n\t                        <div class=\"six-column w-col w-col-6\">\r\n\t                            <div class=\"hire_text\">\r\n\t                                <h3 class=\"hire-title\">Unser Team<\/h3>\r\n\t                                <p class=\"main-paragraph inter-font\">Unser Team ist jederzeit gerne f\u00fcr Sie da ist. Wir freuen uns auf Sie!<\/p>\r\n\t                            <\/div>\r\n\t                        <\/div>\r\n\t                        <div class=\"six-column w-col w-col-6\">\r\n\t                            <div class=\"hire_text hire_text2\">\r\n\t                                <h3 class=\"hire-title\">Angebote<\/h3>\r\n\t                                <p class=\"main-paragraph inter-font\">Sie m\u00f6chten mehr \u00fcber uns und unser Angebot erfahren? <\/p>\r\n\t                            <\/div>\r\n\t                        <\/div>\r\n\t                    <\/div>\r\n\t                <\/div>\r\n\t                <div class=\"four-column no-padding-column w-col w-col-4 w-col-stack book-banner\">\r\n\t                    <img decoding=\"async\" src=\"https:\/\/wordpress.maehler-med.de\/wp-content\/uploads\/2024\/02\/doctors_03.png\" loading=\"lazy\" alt=\"Image 2\" class=\"Action Image\" \/>\r\n\t                    <div class=\"hire_absolute\">\r\n\t                        <h2 class=\"hire-apply-title\">M\u00e4hler Medizintechnik<\/h2>\r\n\t                        <p class=\"main-paragraph color-white inter-font\">Unser Gesch\u00e4ft stellt Ihnen eine gro\u00dfe Bandbreite zur Verf\u00fcgung, aus der Sie ganz nach Ihrem Geschmack w\u00e4hlen k\u00f6nnen. Dabei unterst\u00fctzen wir Sie mit einer umfassenden und fachlich kompetenten Beratung.<\/p>\r\n\t                        <a href=\"\/kontakt\" class=\"hire-button w-button\">Jetzt Anfragen<\/a>\r\n\t                    <\/div>\r\n\t                <\/div>\r\n\t            <\/div>\r\n\t        <\/div>\r\n\t    <\/div>\r\n    \r\n    \t\t\t\t<\/div>\n\t\t\t\t<\/div>\n\t\t\t\t<\/div>\n\t\t\t\t<\/div>\n\t\t","protected":false},"excerpt":{"rendered":"<p>Sterilisation Praxiseinrichtung Praxisbedarf OP Ausstattung Notfall Instrumente Medizintechnik Desinfektion Unser Team Unser Team ist jederzeit gerne f\u00fcr Sie da ist. Wir freuen uns auf Sie! Angebote Sie m\u00f6chten mehr \u00fcber uns und unser Angebot erfahren? M\u00e4hler Medizintechnik Unser Gesch\u00e4ft stellt Ihnen eine gro\u00dfe Bandbreite zur Verf\u00fcgung, aus der Sie ganz nach Ihrem Geschmack w\u00e4hlen k\u00f6nnen. <\/p>\n","protected":false},"author":1,"featured_media":0,"parent":0,"menu_order":0,"comment_status":"closed","ping_status":"closed","template":"","meta":{"_acf_changed":false,"_monsterinsights_skip_tracking":false,"_monsterinsights_sitenote_active":false,"_monsterinsights_sitenote_note":"","_monsterinsights_sitenote_category":0,"footnotes":""},"class_list":["post-18","page","type-page","status-publish","hentry"],"acf":[],"aioseo_notices":[],"_links":{"self":[{"href":"https:\/\/wordpress.maehler-med.de\/index.php\/wp-json\/wp\/v2\/pages\/18","targetHints":{"allow":["GET"]}}],"collection":[{"href":"https:\/\/wordpress.maehler-med.de\/index.php\/wp-json\/wp\/v2\/pages"}],"about":[{"href":"https:\/\/wordpress.maehler-med.de\/index.php\/wp-json\/wp\/v2\/types\/page"}],"author":[{"embeddable":true,"href":"https:\/\/wordpress.maehler-med.de\/index.php\/wp-json\/wp\/v2\/users\/1"}],"replies":[{"embeddable":true,"href":"https:\/\/wordpress.maehler-med.de\/index.php\/wp-json\/wp\/v2\/comments?post=18"}],"version-history":[{"count":28,"href":"https:\/\/wordpress.maehler-med.de\/index.php\/wp-json\/wp\/v2\/pages\/18\/revisions"}],"predecessor-version":[{"id":885,"href":"https:\/\/wordpress.maehler-med.de\/index.php\/wp-json\/wp\/v2\/pages\/18\/revisions\/885"}],"wp:attachment":[{"href":"https:\/\/wordpress.maehler-med.de\/index.php\/wp-json\/wp\/v2\/media?parent=18"}],"curies":[{"name":"wp","href":"https:\/\/api.w.org\/{rel}","templated":true}]}}